{"id":2,"date":"2026-02-02T09:56:23","date_gmt":"2026-02-02T09:56:23","guid":{"rendered":"http:\/\/transports-tda.fr\/?page_id=2"},"modified":"2026-03-03T12:14:27","modified_gmt":"2026-03-03T12:14:27","slug":"sample-page","status":"publish","type":"page","link":"https:\/\/transports-tda.fr\/index.php\/sample-page\/","title":{"rendered":"Les services"},"content":{"rendered":"\n<h2 class=\"wp-block-heading\">Nos services de transport en fond mouvant<\/h2>\n\n\n\n<p>SARL TRANSPORTS DE L&rsquo;AULNE propose des solutions sp\u00e9cialis\u00e9es en <strong>transport vrac d\u00e9chets en Bretagne<\/strong>, avec des prestations adapt\u00e9es aux exigences des professionnels :<\/p>\n\n\n\n<div class=\"wp-block-media-text is-stacked-on-mobile\"><figure class=\"wp-block-media-text__media\"><img loading=\"lazy\" decoding=\"async\" width=\"800\" height=\"1000\" src=\"https:\/\/transports-tda.fr\/wp-content\/uploads\/2026\/03\/transports-tda_services.png\" alt=\"\" class=\"wp-image-82 size-full\" srcset=\"https:\/\/transports-tda.fr\/wp-content\/uploads\/2026\/03\/transports-tda_services.png 800w, https:\/\/transports-tda.fr\/wp-content\/uploads\/2026\/03\/transports-tda_services-240x300.png 240w, https:\/\/transports-tda.fr\/wp-content\/uploads\/2026\/03\/transports-tda_services-768x960.png 768w\" sizes=\"auto, (max-width: 800px) 100vw, 800px\" \/><\/figure><div class=\"wp-block-media-text__content\">\n<h3 class=\"wp-block-heading\">\ud83d\ude9b Transport en fond mouvant<\/h3>\n\n\n\n<p>Le syst\u00e8me de fond mouvant permet un <strong>d\u00e9chargement rapide, s\u00e9curis\u00e9 et sans basculement<\/strong>, id\u00e9al pour les sites \u00e0 hauteur limit\u00e9e ou n\u00e9cessitant une grande pr\u00e9cision. Cette solution est particuli\u00e8rement adapt\u00e9e pour :<\/p>\n\n\n\n<ul class=\"wp-block-list\">\n<li>Mati\u00e8res en vrac agricoles ou industrielles<\/li>\n\n\n\n<li>D\u00e9chets recyclables<\/li>\n<\/ul>\n\n\n\n<h3 class=\"wp-block-heading\">\ud83d\udccd Intervention sur toute la Bretagne<\/h3>\n\n\n\n<p>L\u2019entreprise intervient sur l\u2019ensemble du territoire breton : Finist\u00e8re, C\u00f4tes-d\u2019Armor, Morbihan et Ille-et-Vilaine, en proposant un service personnalis\u00e9.<\/p>\n\n\n\n<h3 class=\"wp-block-heading\">Pourquoi choisir Les Transports de l&rsquo;aulne ?<\/h3>\n\n\n\n<ul class=\"wp-block-list\">\n<li>\u2714\ufe0f Plus de 10 ans d\u2019exp\u00e9rience dans le transport<\/li>\n\n\n\n<li>\u2714\ufe0f Sp\u00e9cialiste du transport en fond mouvant en Bretagne<\/li>\n\n\n\n<li>\u2714\ufe0f Expertise en transport vrac d\u00e9chets<\/li>\n\n\n\n<li>\u2714\ufe0f R\u00e9activit\u00e9 et proximit\u00e9<\/li>\n\n\n\n<li>\u2714\ufe0f Respect des normes environnementales<\/li>\n<\/ul>\n\n\n\n<hr class=\"wp-block-separator has-alpha-channel-opacity\"\/>\n\n\n\n<p><strong>TDA<\/strong>, c\u2019est l\u2019alliance d\u2019une entreprise nouvelle g\u00e9n\u00e9ration et d\u2019une solide exp\u00e9rience terrain. Pour tous vos besoins en <strong>transport vrac d\u00e9chets et fond mouvant en Bretagne<\/strong>, faites confiance \u00e0 un professionnel engag\u00e9, rigoureux et proche de ses clients.<\/p>\n<\/div><\/div>\n","protected":false},"excerpt":{"rendered":"<p>Nos services de transport en fond mouvant SARL TRANSPORTS DE L&rsquo;AULNE propose des solutions sp\u00e9cialis\u00e9es en transport vrac d\u00e9chets en [&hellip;]<\/p>\n","protected":false},"author":1,"featured_media":0,"parent":0,"menu_order":0,"comment_status":"closed","ping_status":"open","template":"","meta":{"site-sidebar-layout":"default","site-content-layout":"","ast-site-content-layout":"default","site-content-style":"default","site-sidebar-style":"default","ast-global-header-display":"","ast-banner-title-visibility":"","ast-main-header-display":"","ast-hfb-above-header-display":"","ast-hfb-below-header-display":"","ast-hfb-mobile-header-display":"","site-post-title":"","ast-breadcrumbs-content":"","ast-featured-img":"","footer-sml-layout":"","ast-disable-related-posts":"","theme-transparent-header-meta":"","adv-header-id-meta":"","stick-header-meta":"","header-above-stick-meta":"","header-main-stick-meta":"","header-below-stick-meta":"","astra-migrate-meta-layouts":"default","ast-page-background-enabled":"default","ast-page-background-meta":{"desktop":{"background-color":"var(--ast-global-color-5)","background-image":"","background-repeat":"repeat","background-position":"center center","background-size":"auto","background-attachment":"scroll","background-type":"","background-media":"","overlay-type":"","overlay-color":"","overlay-opacity":"","overlay-gradient":""},"tablet":{"background-color":"","background-image":"","background-repeat":"repeat","background-position":"center center","background-size":"auto","background-attachment":"scroll","background-type":"","background-media":"","overlay-type":"","overlay-color":"","overlay-opacity":"","overlay-gradient":""},"mobile":{"background-color":"","background-image":"","background-repeat":"repeat","background-position":"center center","background-size":"auto","background-attachment":"scroll","background-type":"","background-media":"","overlay-type":"","overlay-color":"","overlay-opacity":"","overlay-gradient":""}},"ast-content-background-meta":{"desktop":{"background-color":"var(--ast-global-color-4)","background-image":"","background-repeat":"repeat","background-position":"center center","background-size":"auto","background-attachment":"scroll","background-type":"","background-media":"","overlay-type":"","overlay-color":"","overlay-opacity":"","overlay-gradient":""},"tablet":{"background-color":"var(--ast-global-color-4)","background-image":"","background-repeat":"repeat","background-position":"center center","background-size":"auto","background-attachment":"scroll","background-type":"","background-media":"","overlay-type":"","overlay-color":"","overlay-opacity":"","overlay-gradient":""},"mobile":{"background-color":"var(--ast-global-color-4)","background-image":"","background-repeat":"repeat","background-position":"center center","background-size":"auto","background-attachment":"scroll","background-type":"","background-media":"","overlay-type":"","overlay-color":"","overlay-opacity":"","overlay-gradient":""}},"footnotes":""},"class_list":["post-2","page","type-page","status-publish","hentry"],"_links":{"self":[{"href":"https:\/\/transports-tda.fr\/index.php\/wp-json\/wp\/v2\/pages\/2","targetHints":{"allow":["GET"]}}],"collection":[{"href":"https:\/\/transports-tda.fr\/index.php\/wp-json\/wp\/v2\/pages"}],"about":[{"href":"https:\/\/transports-tda.fr\/index.php\/wp-json\/wp\/v2\/types\/page"}],"author":[{"embeddable":true,"href":"https:\/\/transports-tda.fr\/index.php\/wp-json\/wp\/v2\/users\/1"}],"replies":[{"embeddable":true,"href":"https:\/\/transports-tda.fr\/index.php\/wp-json\/wp\/v2\/comments?post=2"}],"version-history":[{"count":9,"href":"https:\/\/transports-tda.fr\/index.php\/wp-json\/wp\/v2\/pages\/2\/revisions"}],"predecessor-version":[{"id":89,"href":"https:\/\/transports-tda.fr\/index.php\/wp-json\/wp\/v2\/pages\/2\/revisions\/89"}],"wp:attachment":[{"href":"https:\/\/transports-tda.fr\/index.php\/wp-json\/wp\/v2\/media?parent=2"}],"curies":[{"name":"wp","href":"https:\/\/api.w.org\/{rel}","templated":true}]}}